{"id":1578,"date":"2026-05-08T01:56:50","date_gmt":"2026-05-08T01:56:50","guid":{"rendered":"https:\/\/dimgrey-narwhal-237659.hostingersite.com\/?st-import=5703b44157b42b600703943e40791d1a"},"modified":"2026-05-15T01:19:12","modified_gmt":"2026-05-15T01:19:12","slug":"about","status":"publish","type":"page","link":"https:\/\/edtec5.com.br\/?page_id=1578","title":{"rendered":"About"},"content":{"rendered":"\t\t<div data-elementor-type=\"wp-page\" data-elementor-id=\"1578\" class=\"elementor elementor-1578\">\n\t\t\t\t<div class=\"elementor-element elementor-element-cd8a0f1 e-flex e-con-boxed e-con e-parent\" data-id=\"cd8a0f1\" data-element_type=\"container\" data-e-type=\"container\">\n\t\t\t\t\t<div class=\"e-con-inner\">\n\t\t\t\t<div class=\"elementor-element elementor-element-6adbde6 elementor-widget elementor-widget-heading\" data-id=\"6adbde6\" data-element_type=\"widget\" data-e-type=\"widget\" data-widget_type=\"heading.default\">\n\t\t\t\t<div class=\"elementor-widget-container\">\n\t\t\t\t\t<h1 class=\"elementor-heading-title elementor-size-default\">Sobre o nosso Blog<\/h1>\t\t\t\t<\/div>\n\t\t\t\t<\/div>\n\t\t\t\t\t<\/div>\n\t\t\t\t<\/div>\n\t\t<div class=\"elementor-element elementor-element-52d6712 e-flex e-con-boxed e-con e-parent\" data-id=\"52d6712\" data-element_type=\"container\" data-e-type=\"container\">\n\t\t\t\t\t<div class=\"e-con-inner\">\n\t\t<div class=\"elementor-element elementor-element-9155bf8 e-con-full e-flex e-con e-child\" data-id=\"9155bf8\" data-element_type=\"container\" data-e-type=\"container\">\n\t\t\t\t\t\t\t\n\t\t\t<img fetchpriority=\"high\" decoding=\"async\" class=\"e-image-base \" data-interaction-id=\"aa0aa48\" id=\"2215\" src=\"https:\/\/edtec5.com.br\/wp-content\/uploads\/2026\/05\/cropped-logo-professor-do-futuro-1.jpg\" width=\"512\" height=\"512\" srcset=\"https:\/\/edtec5.com.br\/wp-content\/uploads\/2026\/05\/cropped-logo-professor-do-futuro-1.jpg 512w, https:\/\/edtec5.com.br\/wp-content\/uploads\/2026\/05\/cropped-logo-professor-do-futuro-1-300x300.jpg 300w, https:\/\/edtec5.com.br\/wp-content\/uploads\/2026\/05\/cropped-logo-professor-do-futuro-1-150x150.jpg 150w, https:\/\/edtec5.com.br\/wp-content\/uploads\/2026\/05\/cropped-logo-professor-do-futuro-1-270x270.jpg 270w, https:\/\/edtec5.com.br\/wp-content\/uploads\/2026\/05\/cropped-logo-professor-do-futuro-1-192x192.jpg 192w, https:\/\/edtec5.com.br\/wp-content\/uploads\/2026\/05\/cropped-logo-professor-do-futuro-1-180x180.jpg 180w, https:\/\/edtec5.com.br\/wp-content\/uploads\/2026\/05\/cropped-logo-professor-do-futuro-1-32x32.jpg 32w\" alt=\"logo professor do futuro\" title=\"About\">\n\t\t\t\t\t<\/div>\n\t\t<div class=\"elementor-element elementor-element-28223ba e-con-full e-flex e-con e-child\" data-id=\"28223ba\" data-element_type=\"container\" data-e-type=\"container\">\n\t\t\t\t\t\t\t\t<p class=\"e-paragraph-base\" data-interaction-id=\"0256be0\"  >\n\t\t\t\t\t\t\t\tO <strong>Professor do Futuro 5.0<\/strong> nasceu da ideia de que educar vai muito al\u00e9m de transmitir conte\u00fado. <br>Em um mundo acelerado pela tecnologia, intelig\u00eancia artificial e transforma\u00e7\u00e3o digital, o papel do educador tamb\u00e9m precisa evoluir.<br><br>Este projeto foi criado para apoiar professores, coordenadores, gestores e educadores que desejam transformar suas aulas em experi\u00eancias mais pr\u00e1ticas, humanas, criativas e conectadas com a realidade dos alunos.<br>Aqui, acreditamos que o professor do futuro n\u00e3o ser\u00e1 substitu\u00eddo pela tecnologia \u2014 ele ser\u00e1 potencializado por ela.<br>O objetivo \u00e9 ajudar educadores a criarem aulas mais din\u00e2micas, relevantes e memor\u00e1veis, preparando alunos n\u00e3o apenas para provas, mas para os desafios do s\u00e9culo XXI.O <br><br><strong>Professor do Futuro 5.0<\/strong> tamb\u00e9m busca construir uma comunidade de educadores inovadores, que compartilham experi\u00eancias, experimentam novas possibilidades e enxergam a educa\u00e7\u00e3o como uma ferramenta real de transforma\u00e7\u00e3o social.<br><br>Seja bem-vindo a esse movimento.<br>O futuro da educa\u00e7\u00e3o j\u00e1 come\u00e7ou \u2014 e ele precisa de professores protagonistas.\n\t\t\t\t\t<\/p>\n\t\t\t\t<\/div>\n\t\t\t\t\t<\/div>\n\t\t\t\t<\/div>\n\t\t\t\t<\/div>\n\t\t","protected":false},"excerpt":{"rendered":"<p>Sobre o nosso Blog O Professor do Futuro 5.0 nasceu da ideia de que educar vai muito al\u00e9m de transmitir conte\u00fado. Em um mundo acelerado pela tecnologia, intelig\u00eancia artificial e transforma\u00e7\u00e3o digital, o papel do educador tamb\u00e9m precisa evoluir. Este projeto foi criado para apoiar professores, coordenadores, gestores e educadores que desejam transformar suas aulas [&hellip;]<\/p>\n","protected":false},"author":1,"featured_media":0,"parent":0,"menu_order":0,"comment_status":"closed","ping_status":"closed","template":"","meta":{"_uag_custom_page_level_css":"","footnotes":""},"class_list":["post-1578","page","type-page","status-publish","hentry"],"aioseo_notices":[],"_hostinger_reach_plugin_has_subscription_block":false,"_hostinger_reach_plugin_is_elementor":false,"uagb_featured_image_src":{"full":false,"thumbnail":false,"medium":false,"medium_large":false,"large":false,"1536x1536":false,"2048x2048":false,"single-post-featured":false,"single-post-featured@2x":false,"about-bottom":false,"about-bottom@2x":false,"about-hero":false,"about-hero@2x":false},"uagb_author_info":{"display_name":"rogerioelias25@gmail.com","author_link":"https:\/\/edtec5.com.br\/?author=1"},"uagb_comment_info":0,"uagb_excerpt":"Sobre o nosso Blog O Professor do Futuro 5.0 nasceu da ideia de que educar vai muito al\u00e9m de transmitir conte\u00fado. Em um mundo acelerado pela tecnologia, intelig\u00eancia artificial e transforma\u00e7\u00e3o digital, o papel do educador tamb\u00e9m precisa evoluir. Este projeto foi criado para apoiar professores, coordenadores, gestores e educadores que desejam transformar suas aulas&hellip;","_links":{"self":[{"href":"https:\/\/edtec5.com.br\/index.php?rest_route=\/wp\/v2\/pages\/1578","targetHints":{"allow":["GET"]}}],"collection":[{"href":"https:\/\/edtec5.com.br\/index.php?rest_route=\/wp\/v2\/pages"}],"about":[{"href":"https:\/\/edtec5.com.br\/index.php?rest_route=\/wp\/v2\/types\/page"}],"author":[{"embeddable":true,"href":"https:\/\/edtec5.com.br\/index.php?rest_route=\/wp\/v2\/users\/1"}],"replies":[{"embeddable":true,"href":"https:\/\/edtec5.com.br\/index.php?rest_route=%2Fwp%2Fv2%2Fcomments&post=1578"}],"version-history":[{"count":7,"href":"https:\/\/edtec5.com.br\/index.php?rest_route=\/wp\/v2\/pages\/1578\/revisions"}],"predecessor-version":[{"id":2237,"href":"https:\/\/edtec5.com.br\/index.php?rest_route=\/wp\/v2\/pages\/1578\/revisions\/2237"}],"wp:attachment":[{"href":"https:\/\/edtec5.com.br\/index.php?rest_route=%2Fwp%2Fv2%2Fmedia&parent=1578"}],"curies":[{"name":"wp","href":"https:\/\/api.w.org\/{rel}","templated":true}]}}